{"id":1708,"date":"2025-10-24T14:59:13","date_gmt":"2025-10-24T14:59:13","guid":{"rendered":"https:\/\/the-minder.fr\/?post_type=product&#038;p=1708"},"modified":"2026-03-23T10:00:17","modified_gmt":"2026-03-23T10:00:17","slug":"pack-the-minder-complements-alimentaires","status":"publish","type":"product","link":"https:\/\/the-minder.fr\/en\/product\/pack-the-minder-complements-alimentaires\/","title":{"rendered":"Pack The Minder &#8211; Compl\u00e9ments alimentaires"},"content":{"rendered":"<p><span dir=\"auto\" style=\"vertical-align: inherit;\"><span dir=\"auto\" style=\"vertical-align: inherit;\"><span dir=\"auto\" style=\"vertical-align: inherit;\"><span dir=\"auto\" style=\"vertical-align: inherit;\"><span dir=\"auto\" style=\"vertical-align: inherit;\"><span dir=\"auto\" style=\"vertical-align: inherit;\">Le <\/span><\/span><\/span><\/span><\/span><\/span><strong data-start=\"200\" data-end=\"219\"><span dir=\"auto\" style=\"vertical-align: inherit;\"><span dir=\"auto\" style=\"vertical-align: inherit;\"><span dir=\"auto\" style=\"vertical-align: inherit;\"><span dir=\"auto\" style=\"vertical-align: inherit;\"><span dir=\"auto\" style=\"vertical-align: inherit;\"><span dir=\"auto\" style=\"vertical-align: inherit;\">Pack The Minder<\/span><\/span><\/span><\/span><\/span><\/span><\/strong><span data-contrast=\"none\">\u00a0a pour objectif de couvrir certains des besoins nutritionnels du quotidien et de soutenir l\u2018organisme sur tous les grands syst\u00e8mes : \u00e9nergie, immunit\u00e9, syst\u00e8me nerveux, r\u00e9cup\u00e9ration. Le socle de vitamines et min\u00e9raux essentiels va combler les manques de l\u2019alimentation moderne et soutenir le m\u00e9tabolisme \u00e9nerg\u00e9tique.<\/span><span data-ccp-props=\"{&quot;134233118&quot;:false,&quot;335559731&quot;:708,&quot;335559739&quot;:0}\">\u00a0<\/span><\/p>\n<p><span data-contrast=\"none\">Il va aider l\u2019organisme \u00e0 mieux g\u00e9rer le stress physique et mental, \u00e0 optimiser la fonction musculaire et \u00e0 renforcer les d\u00e9fenses naturelles.<\/span><span data-ccp-props=\"{&quot;134233118&quot;:false,&quot;335559739&quot;:0}\">\u00a0<\/span><\/p>\n<p><span data-contrast=\"none\">Pens\u00e9 comme une fondation solide, il s\u2019int\u00e8gre facilement dans la pratique d\u2019une routine quotidienne.<\/span><span data-ccp-props=\"{&quot;134233118&quot;:false,&quot;335559731&quot;:708,&quot;335559739&quot;:0}\">\u00a0<\/span><\/p>\n<p><span data-contrast=\"none\">Nos rythmes de vie modernes m\u00ealant s\u00e9dentarit\u00e9, privation de sommeil et niveaux de stress important \u00e9puisent nos r\u00e9serves en vitamines et min\u00e9raux. Ajout\u00e9 \u00e0 cela une nourriture de plus en plus industrielle qui en contient de moins en moins et vous disposez des \u00e9l\u00e9ments majeurs amenant \u00e0 des carences et \u00e0 un stress m\u00e9tabolique.<\/span><span data-ccp-props=\"{&quot;134233118&quot;:false,&quot;335559731&quot;:708,&quot;335559739&quot;:0}\">\u00a0<\/span><\/p>\n<ul>\n<li><span dir=\"auto\" style=\"vertical-align: inherit;\"><span dir=\"auto\" style=\"vertical-align: inherit;\"><span dir=\"auto\" style=\"vertical-align: inherit;\"><span dir=\"auto\" style=\"vertical-align: inherit;\"><span dir=\"auto\" style=\"vertical-align: inherit;\"><span dir=\"auto\" style=\"vertical-align: inherit;\">Vitamine C \u2013 sans sucre (180 comprim\u00e9s)<\/span><\/span><\/span><\/span><\/span><\/span><\/li>\n<li><span dir=\"auto\" style=\"vertical-align: inherit;\"><span dir=\"auto\" style=\"vertical-align: inherit;\"><span dir=\"auto\" style=\"vertical-align: inherit;\"><span dir=\"auto\" style=\"vertical-align: inherit;\"><span dir=\"auto\" style=\"vertical-align: inherit;\"><span dir=\"auto\" style=\"vertical-align: inherit;\">Complexe Multivitamines (90 g\u00e9lules)<\/span><\/span><\/span><\/span><\/span><\/span><\/li>\n<li><span dir=\"auto\" style=\"vertical-align: inherit;\"><span dir=\"auto\" style=\"vertical-align: inherit;\"><span dir=\"auto\" style=\"vertical-align: inherit;\"><span dir=\"auto\" style=\"vertical-align: inherit;\"><span dir=\"auto\" style=\"vertical-align: inherit;\"><span dir=\"auto\" style=\"vertical-align: inherit;\">Magn\u00e9sium (270 g\u00e9lules)<\/span><\/span><\/span><\/span><\/span><\/span><\/li>\n<li><span dir=\"auto\" style=\"vertical-align: inherit;\"><span dir=\"auto\" style=\"vertical-align: inherit;\"><span dir=\"auto\" style=\"vertical-align: inherit;\"><span dir=\"auto\" style=\"vertical-align: inherit;\"><span dir=\"auto\" style=\"vertical-align: inherit;\"><span dir=\"auto\" style=\"vertical-align: inherit;\">Glutamine (500 g)<\/span><\/span><\/span><\/span><\/span><\/span><\/li>\n<\/ul>\n<p>Dur\u00e9e du pack : 3 mois.<\/p>\n<p><span dir=\"auto\" style=\"vertical-align: inherit;\"><span dir=\"auto\" style=\"vertical-align: inherit;\"><span dir=\"auto\" style=\"vertical-align: inherit;\"><span dir=\"auto\" style=\"vertical-align: inherit;\"><span dir=\"auto\" style=\"vertical-align: inherit;\"><span dir=\"auto\" style=\"vertical-align: inherit;\">Les compl\u00e9ments alimentaires ne se substituent pas \u00e0 une alimentation vari\u00e9e et \u00e9quilibr\u00e9e ni \u00e0 un mode de vie sain. <\/span><\/span><\/span><\/span><\/span><\/span><br data-start=\"1948\" data-end=\"1951\" \/><span dir=\"auto\" style=\"vertical-align: inherit;\"><span dir=\"auto\" style=\"vertical-align: inherit;\"><span dir=\"auto\" style=\"vertical-align: inherit;\"><span dir=\"auto\" style=\"vertical-align: inherit;\"><span dir=\"auto\" style=\"vertical-align: inherit;\"><span dir=\"auto\" style=\"vertical-align: inherit;\">\u00c0 conserver hors de port\u00e9e des enfants.<\/span><\/span><\/span><\/span><\/span><\/span><\/p>","protected":false},"excerpt":{"rendered":"<p><span dir=\"auto\" style=\"vertical-align: inherit;\"><span dir=\"auto\" style=\"vertical-align: inherit;\">Le <\/span><\/span><strong data-start=\"200\" data-end=\"219\"><span dir=\"auto\" style=\"vertical-align: inherit;\"><span dir=\"auto\" style=\"vertical-align: inherit;\">Pack The Minder<\/span><\/span><\/strong><span dir=\"auto\" style=\"vertical-align: inherit;\"><span dir=\"auto\" style=\"vertical-align: inherit;\"> a \u00e9t\u00e9 con\u00e7u pour r\u00e9tablir l&rsquo;\u00e9quilibre nutritionnel de votre organisme, booster votre \u00e9nergie et renforcer votre syst\u00e8me immunitaire.<\/span><\/span><\/p>","protected":false},"featured_media":1709,"comment_status":"open","ping_status":"closed","template":"","meta":[],"product_brand":[53,55,52,54],"product_cat":[51],"product_tag":[],"class_list":{"0":"post-1708","1":"product","2":"type-product","3":"status-publish","4":"has-post-thumbnail","6":"product_brand-bulk","7":"product_brand-myvitamins","8":"product_brand-nutripure","9":"product_brand-onatera","10":"product_cat-complements-alimentaires","12":"first","13":"outofstock","14":"taxable","15":"shipping-taxable","16":"purchasable","17":"product-type-simple"},"_links":{"self":[{"href":"https:\/\/the-minder.fr\/en\/wp-json\/wp\/v2\/product\/1708","targetHints":{"allow":["GET"]}}],"collection":[{"href":"https:\/\/the-minder.fr\/en\/wp-json\/wp\/v2\/product"}],"about":[{"href":"https:\/\/the-minder.fr\/en\/wp-json\/wp\/v2\/types\/product"}],"replies":[{"embeddable":true,"href":"https:\/\/the-minder.fr\/en\/wp-json\/wp\/v2\/comments?post=1708"}],"wp:featuredmedia":[{"embeddable":true,"href":"https:\/\/the-minder.fr\/en\/wp-json\/wp\/v2\/media\/1709"}],"wp:attachment":[{"href":"https:\/\/the-minder.fr\/en\/wp-json\/wp\/v2\/media?parent=1708"}],"wp:term":[{"taxonomy":"product_brand","embeddable":true,"href":"https:\/\/the-minder.fr\/en\/wp-json\/wp\/v2\/product_brand?post=1708"},{"taxonomy":"product_cat","embeddable":true,"href":"https:\/\/the-minder.fr\/en\/wp-json\/wp\/v2\/product_cat?post=1708"},{"taxonomy":"product_tag","embeddable":true,"href":"https:\/\/the-minder.fr\/en\/wp-json\/wp\/v2\/product_tag?post=1708"}],"curies":[{"name":"wp","href":"https:\/\/api.w.org\/{rel}","templated":true}]}}