{"id":1804,"date":"2025-11-21T15:12:02","date_gmt":"2025-11-21T15:12:02","guid":{"rendered":"https:\/\/the-minder.fr\/?post_type=product&#038;p=1804"},"modified":"2026-02-23T06:00:19","modified_gmt":"2026-02-23T06:00:19","slug":"t-shirt-the-minder-running","status":"publish","type":"product","link":"https:\/\/the-minder.fr\/en\/product\/t-shirt-the-minder-running\/","title":{"rendered":"T-shirt The Minder Running &#8211; Homme"},"content":{"rendered":"<p data-start=\"207\" data-end=\"733\">Le T-shirt running The Minder, pens\u00e9 pour offrir une coupe d\u00e9contract\u00e9e favorisant une totale libert\u00e9 de mouvement pendant la course. Con\u00e7u en tissu \u00e9lasthanne de haute qualit\u00e9, il se compose de <strong data-start=\"464\" data-end=\"493\">88 % de polyester recycl\u00e9<\/strong> \u2013 l\u2019un de nos engagements majeurs \u2013 et de <strong data-start=\"536\" data-end=\"557\">12 % d\u2019\u00e9lasthanne<\/strong>. Ce m\u00e9lange garantit une <strong data-start=\"583\" data-end=\"614\">\u00e9lasticit\u00e9 bidirectionnelle<\/strong> (horizontale et verticale), une <strong data-start=\"647\" data-end=\"674\">l\u00e9g\u00e8ret\u00e9 exceptionnelle<\/strong> (seulement 95 g en taille M) et un <strong data-start=\"710\" data-end=\"732\">toucher ultra doux<\/strong>.<\/p>\n<p data-start=\"735\" data-end=\"1072\">Gr\u00e2ce \u00e0 cette \u00e9lasticit\u00e9 dans deux directions, le tee-shirt s\u2019adapte naturellement \u00e0 la morphologie du coureur, assurant une fluidit\u00e9 parfaite, sans aucune r\u00e9sistance et avec une amplitude de mouvement maximale. Le r\u00e9sultat : un v\u00eatement extr\u00eamement confortable, parfaitement ajust\u00e9 et pr\u00eat \u00e0 suivre les entra\u00eenements les plus exigeants.<\/p>\n<p data-start=\"1074\" data-end=\"1281\">Les <strong data-start=\"1078\" data-end=\"1116\">micro-perforations laser lat\u00e9rales<\/strong> permettent une meilleure respirabilit\u00e9, id\u00e9ales pour \u00e9vacuer efficacement la transpiration lors d\u2019efforts intenses ou de comp\u00e9titions de moyenne ou longue distance.<\/p>\n<p data-start=\"1909\" data-end=\"2142\">C\u2019est le <strong data-start=\"1918\" data-end=\"1947\">tee-shirt technique id\u00e9al<\/strong> pour les runners \u00e0 la recherche d\u2019un v\u00eatement au design unique, offrant une libert\u00e9 de mouvement totale pour les entra\u00eenements de haute intensit\u00e9 comme pour les comp\u00e9titions les plus exigeantes.<\/p>\n<ul>\n<li>88 % polyester recycl\u00e9, 12 % \u00e9lasthanne<\/li>\n<li>Bande r\u00e9fl\u00e9chissante<\/li>\n<li>Coutures anti-frottements<\/li>\n<li>Col anti-frottements<\/li>\n<li>L\u00e9ger<\/li>\n<li>Longer back<\/li>\n<li>Manche assise<\/li>\n<li>Micro-perfor\u00e9<\/li>\n<li>Coupe d\u00e9contract\u00e9e<\/li>\n<li>Tissu respirant<\/li>\n<\/ul>","protected":false},"excerpt":{"rendered":"<p data-start=\"207\" data-end=\"733\">Le T-shirt running The Minder, pens\u00e9 pour offrir une coupe d\u00e9contract\u00e9e favorisant une totale libert\u00e9 de mouvement pendant la course.<\/p>","protected":false},"featured_media":1812,"comment_status":"open","ping_status":"closed","template":"","meta":[],"product_brand":[56],"product_cat":[32,35],"product_tag":[],"class_list":{"0":"post-1804","1":"product","2":"type-product","3":"status-publish","4":"has-post-thumbnail","6":"product_brand-42k","7":"product_cat-clothing","8":"product_cat-sports","10":"first","11":"instock","12":"taxable","13":"shipping-taxable","14":"purchasable","15":"product-type-variable"},"_links":{"self":[{"href":"https:\/\/the-minder.fr\/en\/wp-json\/wp\/v2\/product\/1804","targetHints":{"allow":["GET"]}}],"collection":[{"href":"https:\/\/the-minder.fr\/en\/wp-json\/wp\/v2\/product"}],"about":[{"href":"https:\/\/the-minder.fr\/en\/wp-json\/wp\/v2\/types\/product"}],"replies":[{"embeddable":true,"href":"https:\/\/the-minder.fr\/en\/wp-json\/wp\/v2\/comments?post=1804"}],"wp:featuredmedia":[{"embeddable":true,"href":"https:\/\/the-minder.fr\/en\/wp-json\/wp\/v2\/media\/1812"}],"wp:attachment":[{"href":"https:\/\/the-minder.fr\/en\/wp-json\/wp\/v2\/media?parent=1804"}],"wp:term":[{"taxonomy":"product_brand","embeddable":true,"href":"https:\/\/the-minder.fr\/en\/wp-json\/wp\/v2\/product_brand?post=1804"},{"taxonomy":"product_cat","embeddable":true,"href":"https:\/\/the-minder.fr\/en\/wp-json\/wp\/v2\/product_cat?post=1804"},{"taxonomy":"product_tag","embeddable":true,"href":"https:\/\/the-minder.fr\/en\/wp-json\/wp\/v2\/product_tag?post=1804"}],"curies":[{"name":"wp","href":"https:\/\/api.w.org\/{rel}","templated":true}]}}