{"id":5336,"date":"2026-02-05T15:41:08","date_gmt":"2026-02-05T15:41:08","guid":{"rendered":"https:\/\/the-minder.fr\/?post_type=product&#038;p=5336"},"modified":"2026-02-05T19:00:47","modified_gmt":"2026-02-05T19:00:47","slug":"teguments-de-psyllium-blond-99-bio","status":"publish","type":"product","link":"https:\/\/the-minder.fr\/en\/product\/teguments-de-psyllium-blond-99-bio\/","title":{"rendered":"T\u00e9guments de Psyllium Blond 99% Bio"},"content":{"rendered":"<p class=\"p1\">Les t\u00e9guments de Psyllium Blond bio sont les enveloppes qui recouvrent la graine d\u2019Ispaghul et qui poss\u00e8dent des vertus sur la sant\u00e9 digestive. Ce produit est concentr\u00e9 \u00e0 88% en fibres, ce qui aident \u00e0 r\u00e9guler le transit intestinal et peut devenir un partenaire pour les personnes dont le transit est difficile.<\/p>\n<p class=\"p1\">Les T\u00e9guments de Psyllium Blond sont un alli\u00e9 de taille dans le cadre d&rsquo;une cuisine sans gluten. En effet, ils sont parfaits pour la cuisson de pains, de g\u00e2teaux ou toutes autres p\u00e2tisseries. Ils vont apporter moelleux et \u00e9lasticit\u00e9 \u00e0 la p\u00e2te.<\/p>\n<p class=\"p2\">Vous devez imp\u00e9rativement boire beaucoup d&rsquo;eau quand vous consommez le t\u00e9gument de psyllium, et ensuite pendant toute la journ\u00e9e. Si vous ne buvez pas assez d&rsquo;eau, le produit risque de gonfler dans votre gorge et de causer une obstruction. Nous vous d\u00e9conseillons l&rsquo;utilisation du t\u00e9gument de psyllium si vous avez du mal \u00e0 avaler ou si vous avez souffert d&rsquo;un r\u00e9tr\u00e9cissement de l&rsquo;\u0153sophage.<\/p>","protected":false},"excerpt":{"rendered":"<p>Les t\u00e9guments de Psyllium Blond bio sont les enveloppes qui recouvrent la graine d\u2019Ispaghul et qui poss\u00e8dent des vertus sur la sant\u00e9 digestive.<\/p>","protected":false},"featured_media":5343,"comment_status":"open","ping_status":"closed","template":"","meta":[],"product_brand":[67],"product_cat":[51],"product_tag":[],"class_list":{"0":"post-5336","1":"product","2":"type-product","3":"status-publish","4":"has-post-thumbnail","6":"product_brand-amoseeds","7":"product_cat-complements-alimentaires","9":"first","10":"instock","11":"taxable","12":"shipping-taxable","13":"purchasable","14":"product-type-simple"},"_links":{"self":[{"href":"https:\/\/the-minder.fr\/en\/wp-json\/wp\/v2\/product\/5336","targetHints":{"allow":["GET"]}}],"collection":[{"href":"https:\/\/the-minder.fr\/en\/wp-json\/wp\/v2\/product"}],"about":[{"href":"https:\/\/the-minder.fr\/en\/wp-json\/wp\/v2\/types\/product"}],"replies":[{"embeddable":true,"href":"https:\/\/the-minder.fr\/en\/wp-json\/wp\/v2\/comments?post=5336"}],"wp:featuredmedia":[{"embeddable":true,"href":"https:\/\/the-minder.fr\/en\/wp-json\/wp\/v2\/media\/5343"}],"wp:attachment":[{"href":"https:\/\/the-minder.fr\/en\/wp-json\/wp\/v2\/media?parent=5336"}],"wp:term":[{"taxonomy":"product_brand","embeddable":true,"href":"https:\/\/the-minder.fr\/en\/wp-json\/wp\/v2\/product_brand?post=5336"},{"taxonomy":"product_cat","embeddable":true,"href":"https:\/\/the-minder.fr\/en\/wp-json\/wp\/v2\/product_cat?post=5336"},{"taxonomy":"product_tag","embeddable":true,"href":"https:\/\/the-minder.fr\/en\/wp-json\/wp\/v2\/product_tag?post=5336"}],"curies":[{"name":"wp","href":"https:\/\/api.w.org\/{rel}","templated":true}]}}