{"id":5337,"date":"2026-02-05T18:44:52","date_gmt":"2026-02-05T18:44:52","guid":{"rendered":"https:\/\/the-minder.fr\/?post_type=product&#038;p=5337"},"modified":"2026-02-05T18:58:47","modified_gmt":"2026-02-05T18:58:47","slug":"ginkgo-biloba","status":"publish","type":"product","link":"https:\/\/the-minder.fr\/en\/product\/ginkgo-biloba\/","title":{"rendered":"Ginkgo Biloba"},"content":{"rendered":"<p class=\"p1\">Le ginkgo biloba, l\u2019arbre aux quarante \u00e9cus, est un arbre ancien originaire de Chine o\u00f9, selon les estimations actuelles, il existerait depuis plus de 270 millions d\u2019ann\u00e9es. Les feuilles de Ginkgo biloba sont utilis\u00e9es dans la m\u00e9decine traditionnelle chinoise depuis des si\u00e8cles, et ont fait l\u2019objet, ces derni\u00e8res ann\u00e9es, de recherches centr\u00e9es sur leurs compos\u00e9s actifs, les glycosides flavoniques et les lactones terp\u00e9niques. Le gingko est principalement utilis\u00e9 pour les troubles cognitifs li\u00e9s \u00e0 l\u2019\u00e2ge, les probl\u00e8mes de circulation sanguine ou certains troubles sensoriels.<\/p>\n<p class=\"p2\">Consultez votre m\u00e9decin en cas de prise simultan\u00e9e d anticoagulants. L&#8217;emploi chez les personnes sous traitement antid\u00e9presseur ou \u00e9pileptique ainsi que celle dont un acte interventionnel invasif est programm\u00e9. En cas de traitements m\u00e9dicamenteux, demander conseil \u00e0 un professionnel de sant\u00e9. Ce produit est d\u00e9conseill\u00e9 aux femmes enceintes et allaitantes. R\u00e9serv\u00e9 aux adultes.<\/p>","protected":false},"excerpt":{"rendered":"<p class=\"p1\">Le gingko est principalement utilis\u00e9 pour les troubles cognitifs li\u00e9s \u00e0 l\u2019\u00e2ge, les probl\u00e8mes de circulation sanguine ou certains troubles sensoriels.<\/p>","protected":false},"featured_media":5342,"comment_status":"open","ping_status":"closed","template":"","meta":[],"product_brand":[53],"product_cat":[51],"product_tag":[],"class_list":{"0":"post-5337","1":"product","2":"type-product","3":"status-publish","4":"has-post-thumbnail","6":"product_brand-bulk","7":"product_cat-complements-alimentaires","9":"first","10":"instock","11":"taxable","12":"shipping-taxable","13":"purchasable","14":"product-type-simple"},"_links":{"self":[{"href":"https:\/\/the-minder.fr\/en\/wp-json\/wp\/v2\/product\/5337","targetHints":{"allow":["GET"]}}],"collection":[{"href":"https:\/\/the-minder.fr\/en\/wp-json\/wp\/v2\/product"}],"about":[{"href":"https:\/\/the-minder.fr\/en\/wp-json\/wp\/v2\/types\/product"}],"replies":[{"embeddable":true,"href":"https:\/\/the-minder.fr\/en\/wp-json\/wp\/v2\/comments?post=5337"}],"wp:featuredmedia":[{"embeddable":true,"href":"https:\/\/the-minder.fr\/en\/wp-json\/wp\/v2\/media\/5342"}],"wp:attachment":[{"href":"https:\/\/the-minder.fr\/en\/wp-json\/wp\/v2\/media?parent=5337"}],"wp:term":[{"taxonomy":"product_brand","embeddable":true,"href":"https:\/\/the-minder.fr\/en\/wp-json\/wp\/v2\/product_brand?post=5337"},{"taxonomy":"product_cat","embeddable":true,"href":"https:\/\/the-minder.fr\/en\/wp-json\/wp\/v2\/product_cat?post=5337"},{"taxonomy":"product_tag","embeddable":true,"href":"https:\/\/the-minder.fr\/en\/wp-json\/wp\/v2\/product_tag?post=5337"}],"curies":[{"name":"wp","href":"https:\/\/api.w.org\/{rel}","templated":true}]}}